{"id":5095,"date":"2021-11-09T09:56:15","date_gmt":"2021-11-09T09:56:15","guid":{"rendered":"https:\/\/minigrowbox.com\/?page_id=5095"},"modified":"2023-09-06T11:57:53","modified_gmt":"2023-09-06T11:57:53","slug":"refund-returns-policy","status":"publish","type":"page","link":"https:\/\/minigrowbox.com\/de\/refund-returns-policy\/","title":{"rendered":"R\u00fcckerstattungs- und R\u00fcckgaberichtlinie"},"content":{"rendered":"<div data-elementor-type=\"wp-page\" data-elementor-id=\"5095\" class=\"elementor elementor-5095\">\n\t\t\t\t\t\t<section class=\"elementor-section elementor-top-section elementor-element elementor-element-2ec5e816 elementor-section-stretched elementor-section-boxed elementor-section-height-default elementor-section-height-default\" data-id=\"2ec5e816\" data-element_type=\"section\" data-e-type=\"section\" data-settings=\"{&quot;stretch_section&quot;:&quot;section-stretched&quot;,&quot;background_background&quot;:&quot;classic&quot;}\">\n\t\t\t\t\t\t\t<div class=\"elementor-background-overlay\"><\/div>\n\t\t\t\t\t\t\t<div class=\"elementor-container elementor-column-gap-default\">\n\t\t\t\t\t<div class=\"elementor-column elementor-col-50 elementor-top-column elementor-element elementor-element-72f4cc30\" data-id=\"72f4cc30\" data-element_type=\"column\" data-e-type=\"column\" data-settings=\"{&quot;background_background&quot;:&quot;classic&quot;}\">\n\t\t\t<div class=\"elementor-widget-wrap elementor-element-populated\">\n\t\t\t\t\t\t<div class=\"elementor-element elementor-element-3625899f elementor-invisible elementor-widget elementor-widget-heading\" data-id=\"3625899f\" data-element_type=\"widget\" data-e-type=\"widget\" data-settings=\"{&quot;_animation&quot;:&quot;fadeInUp&quot;}\" data-widget_type=\"heading.default\">\n\t\t\t\t<div class=\"elementor-widget-container\">\n\t\t\t\t\t<h1 class=\"elementor-heading-title elementor-size-default\">R\u00fcckgabe- und Erstattungsrichtlinie<\/h1>\t\t\t\t<\/div>\n\t\t\t\t<\/div>\n\t\t\t\t\t<\/div>\n\t\t<\/div>\n\t\t\t\t<div class=\"elementor-column elementor-col-50 elementor-top-column elementor-element elementor-element-4c6ed6c9\" data-id=\"4c6ed6c9\" data-element_type=\"column\" data-e-type=\"column\">\n\t\t\t<div class=\"elementor-widget-wrap\">\n\t\t\t\t\t\t\t<\/div>\n\t\t<\/div>\n\t\t\t\t\t<\/div>\n\t\t<\/section>\n\t\t\t\t<section class=\"elementor-section elementor-top-section elementor-element elementor-element-c6f1389 elementor-section-boxed elementor-section-height-default elementor-section-height-default\" data-id=\"c6f1389\" data-element_type=\"section\" data-e-type=\"section\">\n\t\t\t\t\t\t<div class=\"elementor-container elementor-column-gap-default\">\n\t\t\t\t\t<div class=\"elementor-column elementor-col-100 elementor-top-column elementor-element elementor-element-57d28ea\" data-id=\"57d28ea\" data-element_type=\"column\" data-e-type=\"column\">\n\t\t\t<div class=\"elementor-widget-wrap elementor-element-populated\">\n\t\t\t\t\t\t<div class=\"elementor-element elementor-element-c097a32 elementor-widget elementor-widget-heading\" data-id=\"c097a32\" data-element_type=\"widget\" data-e-type=\"widget\" data-widget_type=\"heading.default\">\n\t\t\t\t<div class=\"elementor-widget-container\">\n\t\t\t\t\t<h2 class=\"elementor-heading-title elementor-size-default\">Nicht zufrieden?<\/h2>\t\t\t\t<\/div>\n\t\t\t\t<\/div>\n\t\t\t\t<div class=\"elementor-element elementor-element-80fef0f elementor-widget elementor-widget-text-editor\" data-id=\"80fef0f\" data-element_type=\"widget\" data-e-type=\"widget\" data-widget_type=\"text-editor.default\">\n\t\t\t\t<div class=\"elementor-widget-container\">\n\t\t\t\t\t\t\t\t\t<p>Wir m\u00f6chten, dass Sie lieben, was Sie bei uns kaufen. Falls Minigrow nicht das liefert, was Sie erwartet haben, k\u00f6nnen Sie Ihr Produkt innerhalb von 14 Tagen nach dem Kauf zur\u00fcckgeben und erhalten eine R\u00fcckerstattung. Wenn seit Ihrem Kauf 14 Tage vergangen sind, k\u00f6nnen wir Ihnen keine vollst\u00e4ndige R\u00fcckerstattung oder keinen Umtausch anbieten.<\/p><p>Um f\u00fcr eine R\u00fccksendung in Frage zu kommen, muss Ihr Artikel unbenutzt und in genau dem Zustand sein, in dem Sie ihn erhalten haben. Es muss sich auch in der Originalverpackung befinden.<\/p><p>Um Ihre R\u00fccksendung abzuschlie\u00dfen, ben\u00f6tigen wir eine Quittung oder einen Kaufnachweis.<\/p><p>Es gibt bestimmte Situationen, in denen nur Teilr\u00fcckerstattungen gew\u00e4hrt werden:<\/p><ul><li><span style=\"color: initial; font-family: -apple-system, BlinkMacSystemFont, 'Segoe UI', Roboto, Oxygen-Sans, Ubuntu, Cantarell, 'Helvetica Neue', sans-serif;\">Jeder Artikel, der sich nicht im Originalzustand oder in der Originalverpackung befindet, ist besch\u00e4digt oder es fehlen Teile aus Gr\u00fcnden, die nicht auf unseren Fehler zur\u00fcckzuf\u00fchren sind.<\/span><\/li><li>Jeder Artikel, der mehr als 14 Tage nach der Lieferung zur\u00fcckgegeben wird.<\/li><\/ul><p>Sobald Ihre R\u00fccksendung eingegangen ist und gepr\u00fcft wurde, senden wir Ihnen eine E-Mail, um Sie dar\u00fcber zu informieren, dass wir Ihre R\u00fccksendung erhalten haben. Wir werden Sie auch \u00fcber die Genehmigung oder Ablehnung Ihrer R\u00fcckerstattung benachrichtigen.<\/p><p>Wenn Sie genehmigt werden, wird Ihre R\u00fcckerstattung bearbeitet und innerhalb einer bestimmten Anzahl von Tagen automatisch eine Gutschrift auf Ihrem Paypal-Konto oder Ihrer urspr\u00fcnglichen Zahlungsmethode vorgenommen.<\/p>\t\t\t\t\t\t\t\t<\/div>\n\t\t\t\t<\/div>\n\t\t\t\t\t<\/div>\n\t\t<\/div>\n\t\t\t\t\t<\/div>\n\t\t<\/section>\n\t\t\t\t<section class=\"elementor-section elementor-top-section elementor-element elementor-element-2f0a2d03 elementor-section-boxed elementor-section-height-default elementor-section-height-default\" data-id=\"2f0a2d03\" data-element_type=\"section\" data-e-type=\"section\">\n\t\t\t\t\t\t<div class=\"elementor-container elementor-column-gap-default\">\n\t\t\t\t\t<div class=\"elementor-column elementor-col-100 elementor-top-column elementor-element elementor-element-2639bb12\" data-id=\"2639bb12\" data-element_type=\"column\" data-e-type=\"column\">\n\t\t\t<div class=\"elementor-widget-wrap elementor-element-populated\">\n\t\t\t\t\t\t<div class=\"elementor-element elementor-element-6ee249f elementor-widget elementor-widget-heading\" data-id=\"6ee249f\" data-element_type=\"widget\" data-e-type=\"widget\" data-widget_type=\"heading.default\">\n\t\t\t\t<div class=\"elementor-widget-container\">\n\t\t\t\t\t<h2 class=\"elementor-heading-title elementor-size-default\">Erstattung und Geb\u00fchren<\/h2>\t\t\t\t<\/div>\n\t\t\t\t<\/div>\n\t\t\t\t<div class=\"elementor-element elementor-element-5ad04572 elementor-widget elementor-widget-text-editor\" data-id=\"5ad04572\" data-element_type=\"widget\" data-e-type=\"widget\" data-widget_type=\"text-editor.default\">\n\t\t\t\t<div class=\"elementor-widget-container\">\n\t\t\t\t\t\t\t\t\t<figure><\/figure><p>wir zahlen den Gro\u00dfteil der Bearbeitungs-, Versand- und Zahlungskosten, wenn eine Bestellung aufgegeben wird. Wir berechnen dir nur einen kleineren Teil dieser Kosten bei Bestelleingang.<\/p><p>Ein Teil dieser Zahlungs- und Versandkosten kann dir in Rechnung gestellt werden, wenn du eine Bestellung stornierst und dein Produkt zur\u00fcckschickst.<\/p><h3>Versandgeb\u00fchren<\/h3><p>Wenn eine Bestellung noch nicht versandt wurde, fallen keine Versandkosten an. Wenn du sie bei Bestelleingang bezahlt hast, werden diese Kosten erstattet.<\/p><p>Wenn die Bestellung verschickt wird, werden die Versandkosten nicht erstattet. Dar\u00fcber hinaus bist du f\u00fcr die Bezahlung der R\u00fccksendung verantwortlich.\u00a0<\/p><h3 style=\"margin-top: 1.290684em;\">Zahlungsgeb\u00fchren<\/h3><p>Es k\u00f6nnen Zahlungskosten anfallen. Obwohl der Gro\u00dfteil der Zahlungskosten erstattet wird, wird je nach Zahlungsmethode eine Zahlungsgeb\u00fchr erhoben.\u00a0<\/p><p>Wenn Paypal oder Klarna als Zahlungsmethode verwendet wird, werden 1,5% Zahlungsgeb\u00fchr vom Gesamtbetrag der R\u00fcckerstattung abgezogen. Diese Geb\u00fchr wird zus\u00e4tzlich zu einer Geb\u00fchr erhoben, die du m\u00f6glicherweise bei der Bestellung bezahlt hast.<\/p><p><span style=\"color: #131315; font-family: Inter; font-size: 30px; font-weight: 600; letter-spacing: -0.5px;\">Versandr\u00fccksendungen<\/span><\/p><p>Um dein Produkt zur\u00fcckzusenden, solltest du uns zuerst per E-Mail an info@minigrowbox.com benachrichtigen, damit wir wissen, dass ein Paket zur\u00fcckgeschickt wird.   Das Paket muss unbesch\u00e4digt an unsere Adresse geliefert werden. auf der Post dein Produkt zu vereinbaren: Newfields B.V., Hermesweg 2B27, 3741GP Baarn, Die Niederlande.<\/p><p>Sie tragen Ihre eigenen Versandkosten und die Zahlungskosten f\u00fcr die R\u00fccksendung Ihres Artikels. Versandkosten sind nicht erstattungsf\u00e4hig. Wenn Sie eine R\u00fcckerstattung erhalten, werden die Kosten f\u00fcr den R\u00fcckversand und die Zahlungskosten von Ihrer R\u00fcckerstattung abgezogen. Ein Lieferservice mit Sendungsverfolgung ist erforderlich.<\/p><p>Je nachdem, wo Sie wohnen, kann es unterschiedlich lange dauern, bis Ihr umgetauschtes Produkt bei Ihnen eintrifft.<\/p><p>Wir garantieren nicht, dass wir Ihren zur\u00fcckgegebenen Artikel erhalten.<\/p><h2>Brauchen Sie Hilfe?<\/h2><p>In jedem Fall ist es am besten, wenn du deinen R\u00fcckgabeprozess mit uns absprichst, bevor du das Produkt zur\u00fcckschickst. Wir k\u00f6nnen dir helfen, damit der Prozess so reibungslos wie m\u00f6glich abl\u00e4uft. Zum Beispiel k\u00f6nnen wir dir bei der Buchung der DHL-R\u00fccksendung helfen.<\/p><p>Kontaktiere uns unter info@minigrowbox.com f\u00fcr Fragen und Hilfe in Bezug auf Erstattungen und R\u00fcckgaben.<\/p>\t\t\t\t\t\t\t\t<\/div>\n\t\t\t\t<\/div>\n\t\t\t\t\t<\/div>\n\t\t<\/div>\n\t\t\t\t\t<\/div>\n\t\t<\/section>\n\t\t\t\t<\/div>","protected":false},"excerpt":{"rendered":"<p>Return &#038; Refund Policy Not satisfied? We want you to love what you buy from us. In case that Minigrow is not delivering what you expected, you can return your product and get a refund within 14 days after your purchase. If 14 days have passed since your purchase, we can\u2019t offer you a full [&hellip;]<\/p>\n","protected":false},"author":1,"featured_media":0,"parent":0,"menu_order":0,"comment_status":"closed","ping_status":"closed","template":"","meta":{"_acf_changed":false,"_monsterinsights_skip_tracking":false,"_monsterinsights_sitenote_active":false,"_monsterinsights_sitenote_note":"","_monsterinsights_sitenote_category":0,"footnotes":""},"class_list":["post-5095","page","type-page","status-publish","hentry"],"acf":[],"yoast_head":"<!-- This site is optimized with the Yoast SEO plugin v27.6 - https:\/\/yoast.com\/product\/yoast-seo-wordpress\/ -->\n<title>Refund and Returns Policy - Minigrow, the ultimate growbox for one plant<\/title>\n<meta name=\"description\" content=\"In case that Minigrow is not delivering what you expected, you can expect a clear and easy refund and returns policy.\" \/>\n<meta name=\"robots\" content=\"index, follow, max-snippet:-1, max-image-preview:large, max-video-preview:-1\" \/>\n<link rel=\"canonical\" href=\"https:\/\/minigrowbox.com\/de\/refund-returns-policy\/\" \/>\n<script type=\"application\/ld+json\" class=\"yoast-schema-graph\">{\"@context\":\"https:\\\/\\\/schema.org\",\"@graph\":[{\"@type\":\"WebPage\",\"@id\":\"https:\\\/\\\/minigrowbox.com\\\/refund-returns-policy\\\/\",\"url\":\"https:\\\/\\\/minigrowbox.com\\\/refund-returns-policy\\\/\",\"name\":\"Refund and Returns Policy - Minigrow, the ultimate growbox for one plant\",\"isPartOf\":{\"@id\":\"https:\\\/\\\/minigrowbox.com\\\/#website\"},\"datePublished\":\"2021-11-09T09:56:15+00:00\",\"dateModified\":\"2023-09-06T11:57:53+00:00\",\"description\":\"In case that Minigrow is not delivering what you expected, you can expect a clear and easy refund and returns policy.\",\"breadcrumb\":{\"@id\":\"https:\\\/\\\/minigrowbox.com\\\/refund-returns-policy\\\/#breadcrumb\"},\"inLanguage\":\"de\",\"potentialAction\":[{\"@type\":\"ReadAction\",\"target\":[\"https:\\\/\\\/minigrowbox.com\\\/refund-returns-policy\\\/\"]}]},{\"@type\":\"BreadcrumbList\",\"@id\":\"https:\\\/\\\/minigrowbox.com\\\/refund-returns-policy\\\/#breadcrumb\",\"itemListElement\":[{\"@type\":\"ListItem\",\"position\":1,\"name\":\"Home\",\"item\":\"https:\\\/\\\/minigrowbox.com\\\/\"},{\"@type\":\"ListItem\",\"position\":2,\"name\":\"Refund and Returns Policy\"}]},{\"@type\":\"WebSite\",\"@id\":\"https:\\\/\\\/minigrowbox.com\\\/#website\",\"url\":\"https:\\\/\\\/minigrowbox.com\\\/\",\"name\":\"Minigrow, the ultimate growbox for one plant\",\"description\":\"mini growbox, maximun results\",\"publisher\":{\"@id\":\"https:\\\/\\\/minigrowbox.com\\\/#organization\"},\"potentialAction\":[{\"@type\":\"SearchAction\",\"target\":{\"@type\":\"EntryPoint\",\"urlTemplate\":\"https:\\\/\\\/minigrowbox.com\\\/?s={search_term_string}\"},\"query-input\":{\"@type\":\"PropertyValueSpecification\",\"valueRequired\":true,\"valueName\":\"search_term_string\"}}],\"inLanguage\":\"de\"},{\"@type\":\"Organization\",\"@id\":\"https:\\\/\\\/minigrowbox.com\\\/#organization\",\"name\":\"Minigrow\",\"url\":\"https:\\\/\\\/minigrowbox.com\\\/\",\"logo\":{\"@type\":\"ImageObject\",\"inLanguage\":\"de\",\"@id\":\"https:\\\/\\\/minigrowbox.com\\\/#\\\/schema\\\/logo\\\/image\\\/\",\"url\":\"https:\\\/\\\/minigrowbox.com\\\/wp-content\\\/uploads\\\/2019\\\/05\\\/logowhite5.png\",\"contentUrl\":\"https:\\\/\\\/minigrowbox.com\\\/wp-content\\\/uploads\\\/2019\\\/05\\\/logowhite5.png\",\"width\":328,\"height\":121,\"caption\":\"Minigrow\"},\"image\":{\"@id\":\"https:\\\/\\\/minigrowbox.com\\\/#\\\/schema\\\/logo\\\/image\\\/\"}}]}<\/script>\n<!-- \/ Yoast SEO plugin. -->","yoast_head_json":{"title":"Erstattungs- und R\u00fcckgabebedingungen - Minigrow, die ultimative Growbox f\u00fcr eine Pflanze","description":"F\u00fcr den Fall, dass Minigrow nicht das liefert, was du erwartet hast, kannst du eine klare und einfache Erstattungs- und R\u00fcckgabepolitik erwarten.","robots":{"index":"index","follow":"follow","max-snippet":"max-snippet:-1","max-image-preview":"max-image-preview:large","max-video-preview":"max-video-preview:-1"},"canonical":"https:\/\/minigrowbox.com\/de\/refund-returns-policy\/","schema":{"@context":"https:\/\/schema.org","@graph":[{"@type":"WebPage","@id":"https:\/\/minigrowbox.com\/refund-returns-policy\/","url":"https:\/\/minigrowbox.com\/refund-returns-policy\/","name":"Erstattungs- und R\u00fcckgabebedingungen - Minigrow, die ultimative Growbox f\u00fcr eine Pflanze","isPartOf":{"@id":"https:\/\/minigrowbox.com\/#website"},"datePublished":"2021-11-09T09:56:15+00:00","dateModified":"2023-09-06T11:57:53+00:00","description":"F\u00fcr den Fall, dass Minigrow nicht das liefert, was du erwartet hast, kannst du eine klare und einfache Erstattungs- und R\u00fcckgabepolitik erwarten.","breadcrumb":{"@id":"https:\/\/minigrowbox.com\/refund-returns-policy\/#breadcrumb"},"inLanguage":"de","potentialAction":[{"@type":"ReadAction","target":["https:\/\/minigrowbox.com\/refund-returns-policy\/"]}]},{"@type":"BreadcrumbList","@id":"https:\/\/minigrowbox.com\/refund-returns-policy\/#breadcrumb","itemListElement":[{"@type":"ListItem","position":1,"name":"Home","item":"https:\/\/minigrowbox.com\/"},{"@type":"ListItem","position":2,"name":"Refund and Returns Policy"}]},{"@type":"WebSite","@id":"https:\/\/minigrowbox.com\/#website","url":"https:\/\/minigrowbox.com\/","name":"Minigrow, die ultimative Growbox f\u00fcr eine Pflanze","description":"Mini-Growbox, maximale Ergebnisse","publisher":{"@id":"https:\/\/minigrowbox.com\/#organization"},"potentialAction":[{"@type":"SearchAction","target":{"@type":"EntryPoint","urlTemplate":"https:\/\/minigrowbox.com\/?s={search_term_string}"},"query-input":{"@type":"PropertyValueSpecification","valueRequired":true,"valueName":"search_term_string"}}],"inLanguage":"de"},{"@type":"Organization","@id":"https:\/\/minigrowbox.com\/#organization","name":"Minigrow","url":"https:\/\/minigrowbox.com\/","logo":{"@type":"ImageObject","inLanguage":"de","@id":"https:\/\/minigrowbox.com\/#\/schema\/logo\/image\/","url":"https:\/\/minigrowbox.com\/wp-content\/uploads\/2019\/05\/logowhite5.png","contentUrl":"https:\/\/minigrowbox.com\/wp-content\/uploads\/2019\/05\/logowhite5.png","width":328,"height":121,"caption":"Minigrow"},"image":{"@id":"https:\/\/minigrowbox.com\/#\/schema\/logo\/image\/"}}]}},"_links":{"self":[{"href":"https:\/\/minigrowbox.com\/de\/wp-json\/wp\/v2\/pages\/5095","targetHints":{"allow":["GET"]}}],"collection":[{"href":"https:\/\/minigrowbox.com\/de\/wp-json\/wp\/v2\/pages"}],"about":[{"href":"https:\/\/minigrowbox.com\/de\/wp-json\/wp\/v2\/types\/page"}],"author":[{"embeddable":true,"href":"https:\/\/minigrowbox.com\/de\/wp-json\/wp\/v2\/users\/1"}],"replies":[{"embeddable":true,"href":"https:\/\/minigrowbox.com\/de\/wp-json\/wp\/v2\/comments?post=5095"}],"version-history":[{"count":50,"href":"https:\/\/minigrowbox.com\/de\/wp-json\/wp\/v2\/pages\/5095\/revisions"}],"predecessor-version":[{"id":9158,"href":"https:\/\/minigrowbox.com\/de\/wp-json\/wp\/v2\/pages\/5095\/revisions\/9158"}],"wp:attachment":[{"href":"https:\/\/minigrowbox.com\/de\/wp-json\/wp\/v2\/media?parent=5095"}],"curies":[{"name":"wp","href":"https:\/\/api.w.org\/{rel}","templated":true}]}}