{"id":4020,"date":"2021-06-25T20:04:53","date_gmt":"2021-06-25T20:04:53","guid":{"rendered":"https:\/\/minigrowbox.com\/?post_type=product&#038;p=4020"},"modified":"2025-11-12T14:22:21","modified_gmt":"2025-11-12T14:22:21","slug":"cartridge","status":"publish","type":"product","link":"https:\/\/minigrowbox.com\/de\/shop\/cartridge\/","title":{"rendered":"Filterpatrone (Modell 21)"},"content":{"rendered":"<p><span style=\"font-family: -apple-system, BlinkMacSystemFont, 'Segoe UI', Roboto, Oxygen-Sans, Ubuntu, Cantarell, 'Helvetica Neue', sans-serif;\">Eine Ersatzkartusche f\u00fcr den Minigrow MG500 Filter,<\/span><span style=\"font-family: -apple-system, BlinkMacSystemFont, 'Segoe UI', Roboto, Oxygen-Sans, Ubuntu, Cantarell, 'Helvetica Neue', sans-serif;\"> gef\u00fcllt mit frischen Kohlepellets. Verwendet in der <\/span><span style=\"font-family: -apple-system, BlinkMacSystemFont, 'Segoe UI', Roboto, Oxygen-Sans, Ubuntu, Cantarell, 'Helvetica Neue', sans-serif;\"><a href=\"https:\/\/minigrowbox.com\/de\/shop\/minigrow-one\/\">Minigrow One (Modell 21)<\/a> und <a href=\"https:\/\/minigrowbox.com\/de\/shop\/minigrow-case\/\">Minigrow Case<\/a>.<\/span><\/p>\n<p><span style=\"font-family: -apple-system, BlinkMacSystemFont, 'Segoe UI', Roboto, Oxygen-Sans, Ubuntu, Cantarell, 'Helvetica Neue', sans-serif;\">Diese Kartusche ist wiederverwendbar, dh Sie k\u00f6nnen selbst neue Kohle nachf\u00fcllen, wenn die Kohle ausgetauscht werden muss.<\/span><\/p>\n<p><span style=\"font-family: -apple-system, BlinkMacSystemFont, 'Segoe UI', Roboto, Oxygen-Sans, Ubuntu, Cantarell, 'Helvetica Neue', sans-serif;\">Kaufen Sie Ihr Carbon \u00fcberall, wo Sie m\u00f6chten, oder kaufen Sie ein <a href=\"https:\/\/minigrowbox.com\/de\/shop\/mg500-carbon\/\">Carbon Nachf\u00fcllset<\/a> in unserem Gesch\u00e4ft.<\/span><\/p>\n<p><span style=\"font-family: -apple-system, BlinkMacSystemFont, 'Segoe UI', Roboto, Oxygen-Sans, Ubuntu, Cantarell, 'Helvetica Neue', sans-serif;\">Im Paket enthalten:<\/span><\/p>\n<ul>\n<li><span style=\"font-family: -apple-system, BlinkMacSystemFont, 'Segoe UI', Roboto, Oxygen-Sans, Ubuntu, Cantarell, 'Helvetica Neue', sans-serif;\">Gef\u00fcllte Kartusche<\/span><\/li>\n<li>Anleitung zum Patronenwechsel<\/li>\n<\/ul>\n\n\n<p><\/p>","protected":false},"excerpt":{"rendered":"<p>Gef\u00fcllte Kartusche f\u00fcr Minigrow One<\/p>","protected":false},"featured_media":8207,"comment_status":"open","ping_status":"closed","template":"","meta":{"_acf_changed":false,"_monsterinsights_skip_tracking":false,"_monsterinsights_sitenote_active":false,"_monsterinsights_sitenote_note":"","_monsterinsights_sitenote_category":0},"product_brand":[],"product_cat":[74],"product_tag":[],"class_list":{"0":"post-4020","1":"product","2":"type-product","3":"status-publish","4":"has-post-thumbnail","6":"product_cat-general","7":"product_shipping_class-small","9":"first","10":"instock","11":"taxable","12":"shipping-taxable","13":"purchasable","14":"product-type-simple"},"acf":[],"yoast_head":"<!-- This site is optimized with the Yoast SEO plugin v27.6 - https:\/\/yoast.com\/product\/yoast-seo-wordpress\/ -->\n<title>Filter Cartridge (Model 21) - Minigrow, the ultimate growbox for one plant<\/title>\n<meta name=\"description\" content=\"Minigrow filter cartridge is already filled with fresh carbon pellets. You can also refill the cartridge with carbon yourself.\" \/>\n<meta name=\"robots\" content=\"index, follow, max-snippet:-1, max-image-preview:large, max-video-preview:-1\" \/>\n<link rel=\"canonical\" href=\"https:\/\/minigrowbox.com\/de\/shop\/cartridge\/\" \/>\n<script type=\"application\/ld+json\" class=\"yoast-schema-graph\">{\"@context\":\"https:\\\/\\\/schema.org\",\"@graph\":[{\"@type\":\"WebPage\",\"@id\":\"https:\\\/\\\/minigrowbox.com\\\/shop\\\/cartridge\\\/\",\"url\":\"https:\\\/\\\/minigrowbox.com\\\/shop\\\/cartridge\\\/\",\"name\":\"Filter Cartridge (Model 21) - Minigrow, the ultimate growbox for one plant\",\"isPartOf\":{\"@id\":\"https:\\\/\\\/minigrowbox.com\\\/#website\"},\"primaryImageOfPage\":{\"@id\":\"https:\\\/\\\/minigrowbox.com\\\/shop\\\/cartridge\\\/#primaryimage\"},\"image\":{\"@id\":\"https:\\\/\\\/minigrowbox.com\\\/shop\\\/cartridge\\\/#primaryimage\"},\"thumbnailUrl\":\"https:\\\/\\\/minigrowbox.com\\\/wp-content\\\/uploads\\\/2023\\\/08\\\/cartridgevoor.jpg\",\"datePublished\":\"2021-06-25T20:04:53+00:00\",\"dateModified\":\"2025-11-12T14:22:21+00:00\",\"description\":\"Minigrow filter cartridge is already filled with fresh carbon pellets. You can also refill the cartridge with carbon yourself.\",\"breadcrumb\":{\"@id\":\"https:\\\/\\\/minigrowbox.com\\\/shop\\\/cartridge\\\/#breadcrumb\"},\"inLanguage\":\"de\",\"potentialAction\":[{\"@type\":\"ReadAction\",\"target\":[\"https:\\\/\\\/minigrowbox.com\\\/shop\\\/cartridge\\\/\"]}]},{\"@type\":\"ImageObject\",\"inLanguage\":\"de\",\"@id\":\"https:\\\/\\\/minigrowbox.com\\\/shop\\\/cartridge\\\/#primaryimage\",\"url\":\"https:\\\/\\\/minigrowbox.com\\\/wp-content\\\/uploads\\\/2023\\\/08\\\/cartridgevoor.jpg\",\"contentUrl\":\"https:\\\/\\\/minigrowbox.com\\\/wp-content\\\/uploads\\\/2023\\\/08\\\/cartridgevoor.jpg\",\"width\":1500,\"height\":1500,\"caption\":\"MG500 filter cartridge\"},{\"@type\":\"BreadcrumbList\",\"@id\":\"https:\\\/\\\/minigrowbox.com\\\/shop\\\/cartridge\\\/#breadcrumb\",\"itemListElement\":[{\"@type\":\"ListItem\",\"position\":1,\"name\":\"Home\",\"item\":\"https:\\\/\\\/minigrowbox.com\\\/\"},{\"@type\":\"ListItem\",\"position\":2,\"name\":\"Shop\",\"item\":\"https:\\\/\\\/minigrowbox.com\\\/shop\\\/\"},{\"@type\":\"ListItem\",\"position\":3,\"name\":\"Filter Cartridge (Model 21)\"}]},{\"@type\":\"WebSite\",\"@id\":\"https:\\\/\\\/minigrowbox.com\\\/#website\",\"url\":\"https:\\\/\\\/minigrowbox.com\\\/\",\"name\":\"Minigrow, the ultimate growbox for one plant\",\"description\":\"mini growbox, maximun results\",\"publisher\":{\"@id\":\"https:\\\/\\\/minigrowbox.com\\\/#organization\"},\"potentialAction\":[{\"@type\":\"SearchAction\",\"target\":{\"@type\":\"EntryPoint\",\"urlTemplate\":\"https:\\\/\\\/minigrowbox.com\\\/?s={search_term_string}\"},\"query-input\":{\"@type\":\"PropertyValueSpecification\",\"valueRequired\":true,\"valueName\":\"search_term_string\"}}],\"inLanguage\":\"de\"},{\"@type\":\"Organization\",\"@id\":\"https:\\\/\\\/minigrowbox.com\\\/#organization\",\"name\":\"Minigrow\",\"url\":\"https:\\\/\\\/minigrowbox.com\\\/\",\"logo\":{\"@type\":\"ImageObject\",\"inLanguage\":\"de\",\"@id\":\"https:\\\/\\\/minigrowbox.com\\\/#\\\/schema\\\/logo\\\/image\\\/\",\"url\":\"https:\\\/\\\/minigrowbox.com\\\/wp-content\\\/uploads\\\/2019\\\/05\\\/logowhite5.png\",\"contentUrl\":\"https:\\\/\\\/minigrowbox.com\\\/wp-content\\\/uploads\\\/2019\\\/05\\\/logowhite5.png\",\"width\":328,\"height\":121,\"caption\":\"Minigrow\"},\"image\":{\"@id\":\"https:\\\/\\\/minigrowbox.com\\\/#\\\/schema\\\/logo\\\/image\\\/\"}}]}<\/script>\n<!-- \/ Yoast SEO plugin. -->","yoast_head_json":{"title":"Filterpatrone (Modell 21) - Minigrow, die ultimative Growbox f\u00fcr eine Pflanze","description":"Die Minigrow-Filterpatrone ist bereits mit frischen Kohlepellets gef\u00fcllt. Du kannst die Patrone auch selbst mit Kohle nachf\u00fcllen.","robots":{"index":"index","follow":"follow","max-snippet":"max-snippet:-1","max-image-preview":"max-image-preview:large","max-video-preview":"max-video-preview:-1"},"canonical":"https:\/\/minigrowbox.com\/de\/shop\/cartridge\/","schema":{"@context":"https:\/\/schema.org","@graph":[{"@type":"WebPage","@id":"https:\/\/minigrowbox.com\/shop\/cartridge\/","url":"https:\/\/minigrowbox.com\/shop\/cartridge\/","name":"Filterpatrone (Modell 21) - Minigrow, die ultimative Growbox f\u00fcr eine Pflanze","isPartOf":{"@id":"https:\/\/minigrowbox.com\/#website"},"primaryImageOfPage":{"@id":"https:\/\/minigrowbox.com\/shop\/cartridge\/#primaryimage"},"image":{"@id":"https:\/\/minigrowbox.com\/shop\/cartridge\/#primaryimage"},"thumbnailUrl":"https:\/\/minigrowbox.com\/wp-content\/uploads\/2023\/08\/cartridgevoor.jpg","datePublished":"2021-06-25T20:04:53+00:00","dateModified":"2025-11-12T14:22:21+00:00","description":"Die Minigrow-Filterpatrone ist bereits mit frischen Kohlepellets gef\u00fcllt. Du kannst die Patrone auch selbst mit Kohle nachf\u00fcllen.","breadcrumb":{"@id":"https:\/\/minigrowbox.com\/shop\/cartridge\/#breadcrumb"},"inLanguage":"de","potentialAction":[{"@type":"ReadAction","target":["https:\/\/minigrowbox.com\/shop\/cartridge\/"]}]},{"@type":"ImageObject","inLanguage":"de","@id":"https:\/\/minigrowbox.com\/shop\/cartridge\/#primaryimage","url":"https:\/\/minigrowbox.com\/wp-content\/uploads\/2023\/08\/cartridgevoor.jpg","contentUrl":"https:\/\/minigrowbox.com\/wp-content\/uploads\/2023\/08\/cartridgevoor.jpg","width":1500,"height":1500,"caption":"MG500 filter cartridge"},{"@type":"BreadcrumbList","@id":"https:\/\/minigrowbox.com\/shop\/cartridge\/#breadcrumb","itemListElement":[{"@type":"ListItem","position":1,"name":"Home","item":"https:\/\/minigrowbox.com\/"},{"@type":"ListItem","position":2,"name":"Shop","item":"https:\/\/minigrowbox.com\/shop\/"},{"@type":"ListItem","position":3,"name":"Filter Cartridge (Model 21)"}]},{"@type":"WebSite","@id":"https:\/\/minigrowbox.com\/#website","url":"https:\/\/minigrowbox.com\/","name":"Minigrow, die ultimative Growbox f\u00fcr eine Pflanze","description":"Mini-Growbox, maximale Ergebnisse","publisher":{"@id":"https:\/\/minigrowbox.com\/#organization"},"potentialAction":[{"@type":"SearchAction","target":{"@type":"EntryPoint","urlTemplate":"https:\/\/minigrowbox.com\/?s={search_term_string}"},"query-input":{"@type":"PropertyValueSpecification","valueRequired":true,"valueName":"search_term_string"}}],"inLanguage":"de"},{"@type":"Organization","@id":"https:\/\/minigrowbox.com\/#organization","name":"Minigrow","url":"https:\/\/minigrowbox.com\/","logo":{"@type":"ImageObject","inLanguage":"de","@id":"https:\/\/minigrowbox.com\/#\/schema\/logo\/image\/","url":"https:\/\/minigrowbox.com\/wp-content\/uploads\/2019\/05\/logowhite5.png","contentUrl":"https:\/\/minigrowbox.com\/wp-content\/uploads\/2019\/05\/logowhite5.png","width":328,"height":121,"caption":"Minigrow"},"image":{"@id":"https:\/\/minigrowbox.com\/#\/schema\/logo\/image\/"}}]}},"_links":{"self":[{"href":"https:\/\/minigrowbox.com\/de\/wp-json\/wp\/v2\/product\/4020","targetHints":{"allow":["GET"]}}],"collection":[{"href":"https:\/\/minigrowbox.com\/de\/wp-json\/wp\/v2\/product"}],"about":[{"href":"https:\/\/minigrowbox.com\/de\/wp-json\/wp\/v2\/types\/product"}],"replies":[{"embeddable":true,"href":"https:\/\/minigrowbox.com\/de\/wp-json\/wp\/v2\/comments?post=4020"}],"version-history":[{"count":8,"href":"https:\/\/minigrowbox.com\/de\/wp-json\/wp\/v2\/product\/4020\/revisions"}],"predecessor-version":[{"id":11742,"href":"https:\/\/minigrowbox.com\/de\/wp-json\/wp\/v2\/product\/4020\/revisions\/11742"}],"wp:featuredmedia":[{"embeddable":true,"href":"https:\/\/minigrowbox.com\/de\/wp-json\/wp\/v2\/media\/8207"}],"wp:attachment":[{"href":"https:\/\/minigrowbox.com\/de\/wp-json\/wp\/v2\/media?parent=4020"}],"wp:term":[{"taxonomy":"product_brand","embeddable":true,"href":"https:\/\/minigrowbox.com\/de\/wp-json\/wp\/v2\/product_brand?post=4020"},{"taxonomy":"product_cat","embeddable":true,"href":"https:\/\/minigrowbox.com\/de\/wp-json\/wp\/v2\/product_cat?post=4020"},{"taxonomy":"product_tag","embeddable":true,"href":"https:\/\/minigrowbox.com\/de\/wp-json\/wp\/v2\/product_tag?post=4020"}],"curies":[{"name":"wp","href":"https:\/\/api.w.org\/{rel}","templated":true}]}}