{"id":1132,"date":"2018-07-07T11:27:10","date_gmt":"2018-07-07T11:27:10","guid":{"rendered":"http:\/\/shoptimizer.local\/?page_id=779"},"modified":"2023-09-28T16:08:06","modified_gmt":"2023-09-28T16:08:06","slug":"contact-us","status":"publish","type":"page","link":"https:\/\/minigrowbox.com\/fr\/contact-us\/","title":{"rendered":"Nous contacter"},"content":{"rendered":"<div data-elementor-type=\"wp-post\" data-elementor-id=\"1132\" class=\"elementor elementor-1132\">\n\t\t\t\t\t\t<section class=\"elementor-section elementor-top-section elementor-element elementor-element-2eda2292 elementor-section-stretched elementor-section-boxed elementor-section-height-default elementor-section-height-default\" data-id=\"2eda2292\" data-element_type=\"section\" data-e-type=\"section\" data-settings=\"{&quot;stretch_section&quot;:&quot;section-stretched&quot;,&quot;background_background&quot;:&quot;classic&quot;}\">\n\t\t\t\t\t\t\t<div class=\"elementor-background-overlay\"><\/div>\n\t\t\t\t\t\t\t<div class=\"elementor-container elementor-column-gap-default\">\n\t\t\t\t\t<div class=\"elementor-column elementor-col-50 elementor-top-column elementor-element elementor-element-261c9428\" data-id=\"261c9428\" data-element_type=\"column\" data-e-type=\"column\" data-settings=\"{&quot;background_background&quot;:&quot;classic&quot;}\">\n\t\t\t<div class=\"elementor-widget-wrap elementor-element-populated\">\n\t\t\t\t\t\t<div class=\"elementor-element elementor-element-25bf41c elementor-invisible elementor-widget elementor-widget-heading\" data-id=\"25bf41c\" data-element_type=\"widget\" data-e-type=\"widget\" data-settings=\"{&quot;_animation&quot;:&quot;fadeInUp&quot;}\" data-widget_type=\"heading.default\">\n\t\t\t\t<div class=\"elementor-widget-container\">\n\t\t\t\t\t<h2 class=\"elementor-heading-title elementor-size-default\">Contact<\/h2>\t\t\t\t<\/div>\n\t\t\t\t<\/div>\n\t\t\t\t<div class=\"elementor-element elementor-element-129efe5 elementor-invisible elementor-widget elementor-widget-heading\" data-id=\"129efe5\" data-element_type=\"widget\" data-e-type=\"widget\" data-settings=\"{&quot;_animation&quot;:&quot;fadeInDown&quot;}\" data-widget_type=\"heading.default\">\n\t\t\t\t<div class=\"elementor-widget-container\">\n\t\t\t\t\t<h3 class=\"elementor-heading-title elementor-size-default\">Questions, commentaires, visites<\/h3>\t\t\t\t<\/div>\n\t\t\t\t<\/div>\n\t\t\t\t\t<\/div>\n\t\t<\/div>\n\t\t\t\t<div class=\"elementor-column elementor-col-50 elementor-top-column elementor-element elementor-element-753a00e9\" data-id=\"753a00e9\" data-element_type=\"column\" data-e-type=\"column\">\n\t\t\t<div class=\"elementor-widget-wrap\">\n\t\t\t\t\t\t\t<\/div>\n\t\t<\/div>\n\t\t\t\t\t<\/div>\n\t\t<\/section>\n\t\t\t\t<section class=\"elementor-section elementor-top-section elementor-element elementor-element-f0ea8fe elementor-section-boxed elementor-section-height-default elementor-section-height-default\" data-id=\"f0ea8fe\" data-element_type=\"section\" data-e-type=\"section\">\n\t\t\t\t\t\t<div class=\"elementor-container elementor-column-gap-default\">\n\t\t\t\t\t<div class=\"elementor-column elementor-col-100 elementor-top-column elementor-element elementor-element-dc89f4d\" data-id=\"dc89f4d\" data-element_type=\"column\" data-e-type=\"column\">\n\t\t\t<div class=\"elementor-widget-wrap elementor-element-populated\">\n\t\t\t\t\t\t<div class=\"elementor-element elementor-element-911c922 elementor-widget elementor-widget-text-editor\" data-id=\"911c922\" data-element_type=\"widget\" data-e-type=\"widget\" data-widget_type=\"text-editor.default\">\n\t\t\t\t<div class=\"elementor-widget-container\">\n\t\t\t\t\t\t\t\t\t<p>Tu as des questions ou des commentaires ? Tu peux nous contacter par <a href=\"mailto:info@minigrowbox.com\">courrier<\/a> ou par t\u00e9l\u00e9phone.<\/p><p>Tu veux voir les appareils Minigrow en action ? Viens nous rendre visite au Minigrow Design Center. Nous y travaillons sur de nouvelles conceptions et nous avons toujours un certain nombre de bo\u00eetes de culture Minigrow One en exposition. Nous aimons bien prendre rendez-vous pour une visite, alors fais-nous d'abord savoir quand tu aimerais venir.<\/p><p>As-tu des questions \u00e0 poser ? Dans ce cas, tu peux d'abord voir si la r\u00e9ponse est d\u00e9j\u00e0 donn\u00e9e dans la rubrique <a href=\"https:\/\/minigrowbox.com\/fr\/faq\/\">FAQ<\/a>. La plupart des questions ont \u00e9t\u00e9 pos\u00e9es par d'autres personnes.<\/p>\t\t\t\t\t\t\t\t<\/div>\n\t\t\t\t<\/div>\n\t\t\t\t\t<\/div>\n\t\t<\/div>\n\t\t\t\t\t<\/div>\n\t\t<\/section>\n\t\t\t\t<section class=\"elementor-section elementor-top-section elementor-element elementor-element-6a79221 elementor-section-stretched elementor-section-full_width elementor-section-height-min-height elementor-section-height-default elementor-section-items-middle\" data-id=\"6a79221\" data-element_type=\"section\" data-e-type=\"section\" data-settings=\"{&quot;stretch_section&quot;:&quot;section-stretched&quot;,&quot;background_background&quot;:&quot;video&quot;}\">\n\t\t\t\t\t\t\t<div class=\"elementor-background-overlay\"><\/div>\n\t\t\t\t\t\t\t<div class=\"elementor-container elementor-column-gap-no\">\n\t\t\t\t\t<div class=\"elementor-column elementor-col-100 elementor-top-column elementor-element elementor-element-dfc1dba\" data-id=\"dfc1dba\" data-element_type=\"column\" data-e-type=\"column\">\n\t\t\t<div class=\"elementor-widget-wrap elementor-element-populated\">\n\t\t\t\t\t\t<div class=\"elementor-element elementor-element-3fa31a6 elementor-widget elementor-widget-google_maps\" data-id=\"3fa31a6\" data-element_type=\"widget\" data-e-type=\"widget\" data-widget_type=\"google_maps.default\">\n\t\t\t\t<div class=\"elementor-widget-container\">\n\t\t\t\t\t\t\t<div class=\"elementor-custom-embed\">\n\t\t\t<iframe loading=\"lazy\"\n\t\t\t\t\tsrc=\"https:\/\/maps.google.com\/maps?q=Hermesweg%202%2C%203741gp%20Baarn&#038;t=m&#038;z=15&#038;output=embed&#038;iwloc=near\"\n\t\t\t\t\ttitle=\"Hermesweg 2, 3741gp Baarn\"\n\t\t\t\t\taria-label=\"Hermesweg 2, 3741gp Baarn\"\n\t\t\t><\/iframe>\n\t\t<\/div>\n\t\t\t\t\t\t<\/div>\n\t\t\t\t<\/div>\n\t\t\t\t\t<\/div>\n\t\t<\/div>\n\t\t\t\t\t<\/div>\n\t\t<\/section>\n\t\t\t\t<\/div>","protected":false},"excerpt":{"rendered":"<p>Contact us Questions, Feedback, Visit Do you have any questions or feedback? Then you can reach us by mail or phone. Would you like to see Minigrow devices in action? Come visit us at the Minigrow Design Center. There we are working on new designs and always have a number of Minigrow One growboxes on [&hellip;]<\/p>\n","protected":false},"author":1,"featured_media":7381,"parent":0,"menu_order":0,"comment_status":"closed","ping_status":"closed","template":"","meta":{"_acf_changed":false,"_monsterinsights_skip_tracking":false,"_monsterinsights_sitenote_active":false,"_monsterinsights_sitenote_note":"","_monsterinsights_sitenote_category":0,"footnotes":""},"class_list":["post-1132","page","type-page","status-publish","has-post-thumbnail","hentry"],"acf":[],"yoast_head":"<!-- This site is optimized with the Yoast SEO plugin v27.3 - https:\/\/yoast.com\/product\/yoast-seo-wordpress\/ -->\n<title>Contact Us<\/title>\n<meta name=\"robots\" content=\"index, follow, max-snippet:-1, max-image-preview:large, max-video-preview:-1\" \/>\n<link rel=\"canonical\" href=\"https:\/\/minigrowbox.com\/fr\/contact-us\/\" \/>\n<script type=\"application\/ld+json\" class=\"yoast-schema-graph\">{\"@context\":\"https:\\\/\\\/schema.org\",\"@graph\":[{\"@type\":\"WebPage\",\"@id\":\"https:\\\/\\\/minigrowbox.com\\\/contact-us\\\/\",\"url\":\"https:\\\/\\\/minigrowbox.com\\\/contact-us\\\/\",\"name\":\"Contact Us\",\"isPartOf\":{\"@id\":\"https:\\\/\\\/minigrowbox.com\\\/#website\"},\"primaryImageOfPage\":{\"@id\":\"https:\\\/\\\/minigrowbox.com\\\/contact-us\\\/#primaryimage\"},\"image\":{\"@id\":\"https:\\\/\\\/minigrowbox.com\\\/contact-us\\\/#primaryimage\"},\"thumbnailUrl\":\"https:\\\/\\\/minigrowbox.com\\\/wp-content\\\/uploads\\\/2022\\\/10\\\/ourboxes1-e1691941154908.jpg\",\"datePublished\":\"2018-07-07T11:27:10+00:00\",\"dateModified\":\"2023-09-28T16:08:06+00:00\",\"breadcrumb\":{\"@id\":\"https:\\\/\\\/minigrowbox.com\\\/contact-us\\\/#breadcrumb\"},\"inLanguage\":\"fr-FR\",\"potentialAction\":[{\"@type\":\"ReadAction\",\"target\":[\"https:\\\/\\\/minigrowbox.com\\\/contact-us\\\/\"]}]},{\"@type\":\"ImageObject\",\"inLanguage\":\"fr-FR\",\"@id\":\"https:\\\/\\\/minigrowbox.com\\\/contact-us\\\/#primaryimage\",\"url\":\"https:\\\/\\\/minigrowbox.com\\\/wp-content\\\/uploads\\\/2022\\\/10\\\/ourboxes1-e1691941154908.jpg\",\"contentUrl\":\"https:\\\/\\\/minigrowbox.com\\\/wp-content\\\/uploads\\\/2022\\\/10\\\/ourboxes1-e1691941154908.jpg\",\"width\":1650,\"height\":1650,\"caption\":\"Our grow boxes\"},{\"@type\":\"BreadcrumbList\",\"@id\":\"https:\\\/\\\/minigrowbox.com\\\/contact-us\\\/#breadcrumb\",\"itemListElement\":[{\"@type\":\"ListItem\",\"position\":1,\"name\":\"Home\",\"item\":\"https:\\\/\\\/minigrowbox.com\\\/\"},{\"@type\":\"ListItem\",\"position\":2,\"name\":\"Contact Us\"}]},{\"@type\":\"WebSite\",\"@id\":\"https:\\\/\\\/minigrowbox.com\\\/#website\",\"url\":\"https:\\\/\\\/minigrowbox.com\\\/\",\"name\":\"Minigrow, the ultimate growbox for one plant\",\"description\":\"mini growbox, maximun results\",\"publisher\":{\"@id\":\"https:\\\/\\\/minigrowbox.com\\\/#organization\"},\"potentialAction\":[{\"@type\":\"SearchAction\",\"target\":{\"@type\":\"EntryPoint\",\"urlTemplate\":\"https:\\\/\\\/minigrowbox.com\\\/?s={search_term_string}\"},\"query-input\":{\"@type\":\"PropertyValueSpecification\",\"valueRequired\":true,\"valueName\":\"search_term_string\"}}],\"inLanguage\":\"fr-FR\"},{\"@type\":\"Organization\",\"@id\":\"https:\\\/\\\/minigrowbox.com\\\/#organization\",\"name\":\"Minigrow\",\"url\":\"https:\\\/\\\/minigrowbox.com\\\/\",\"logo\":{\"@type\":\"ImageObject\",\"inLanguage\":\"fr-FR\",\"@id\":\"https:\\\/\\\/minigrowbox.com\\\/#\\\/schema\\\/logo\\\/image\\\/\",\"url\":\"https:\\\/\\\/minigrowbox.com\\\/wp-content\\\/uploads\\\/2019\\\/05\\\/logowhite5.png\",\"contentUrl\":\"https:\\\/\\\/minigrowbox.com\\\/wp-content\\\/uploads\\\/2019\\\/05\\\/logowhite5.png\",\"width\":328,\"height\":121,\"caption\":\"Minigrow\"},\"image\":{\"@id\":\"https:\\\/\\\/minigrowbox.com\\\/#\\\/schema\\\/logo\\\/image\\\/\"}}]}<\/script>\n<!-- \/ Yoast SEO plugin. -->","yoast_head_json":{"title":"Nous contacter","robots":{"index":"index","follow":"follow","max-snippet":"max-snippet:-1","max-image-preview":"max-image-preview:large","max-video-preview":"max-video-preview:-1"},"canonical":"https:\/\/minigrowbox.com\/fr\/contact-us\/","schema":{"@context":"https:\/\/schema.org","@graph":[{"@type":"WebPage","@id":"https:\/\/minigrowbox.com\/contact-us\/","url":"https:\/\/minigrowbox.com\/contact-us\/","name":"Nous contacter","isPartOf":{"@id":"https:\/\/minigrowbox.com\/#website"},"primaryImageOfPage":{"@id":"https:\/\/minigrowbox.com\/contact-us\/#primaryimage"},"image":{"@id":"https:\/\/minigrowbox.com\/contact-us\/#primaryimage"},"thumbnailUrl":"https:\/\/minigrowbox.com\/wp-content\/uploads\/2022\/10\/ourboxes1-e1691941154908.jpg","datePublished":"2018-07-07T11:27:10+00:00","dateModified":"2023-09-28T16:08:06+00:00","breadcrumb":{"@id":"https:\/\/minigrowbox.com\/contact-us\/#breadcrumb"},"inLanguage":"fr-FR","potentialAction":[{"@type":"ReadAction","target":["https:\/\/minigrowbox.com\/contact-us\/"]}]},{"@type":"ImageObject","inLanguage":"fr-FR","@id":"https:\/\/minigrowbox.com\/contact-us\/#primaryimage","url":"https:\/\/minigrowbox.com\/wp-content\/uploads\/2022\/10\/ourboxes1-e1691941154908.jpg","contentUrl":"https:\/\/minigrowbox.com\/wp-content\/uploads\/2022\/10\/ourboxes1-e1691941154908.jpg","width":1650,"height":1650,"caption":"Our grow boxes"},{"@type":"BreadcrumbList","@id":"https:\/\/minigrowbox.com\/contact-us\/#breadcrumb","itemListElement":[{"@type":"ListItem","position":1,"name":"Home","item":"https:\/\/minigrowbox.com\/"},{"@type":"ListItem","position":2,"name":"Contact Us"}]},{"@type":"WebSite","@id":"https:\/\/minigrowbox.com\/#website","url":"https:\/\/minigrowbox.com\/","name":"Minigrow, la bo\u00eete de culture ultime pour une seule plante","description":"mini growbox, r\u00e9sultats maximaux","publisher":{"@id":"https:\/\/minigrowbox.com\/#organization"},"potentialAction":[{"@type":"SearchAction","target":{"@type":"EntryPoint","urlTemplate":"https:\/\/minigrowbox.com\/?s={search_term_string}"},"query-input":{"@type":"PropertyValueSpecification","valueRequired":true,"valueName":"search_term_string"}}],"inLanguage":"fr-FR"},{"@type":"Organization","@id":"https:\/\/minigrowbox.com\/#organization","name":"Minigrow","url":"https:\/\/minigrowbox.com\/","logo":{"@type":"ImageObject","inLanguage":"fr-FR","@id":"https:\/\/minigrowbox.com\/#\/schema\/logo\/image\/","url":"https:\/\/minigrowbox.com\/wp-content\/uploads\/2019\/05\/logowhite5.png","contentUrl":"https:\/\/minigrowbox.com\/wp-content\/uploads\/2019\/05\/logowhite5.png","width":328,"height":121,"caption":"Minigrow"},"image":{"@id":"https:\/\/minigrowbox.com\/#\/schema\/logo\/image\/"}}]}},"_links":{"self":[{"href":"https:\/\/minigrowbox.com\/fr\/wp-json\/wp\/v2\/pages\/1132","targetHints":{"allow":["GET"]}}],"collection":[{"href":"https:\/\/minigrowbox.com\/fr\/wp-json\/wp\/v2\/pages"}],"about":[{"href":"https:\/\/minigrowbox.com\/fr\/wp-json\/wp\/v2\/types\/page"}],"author":[{"embeddable":true,"href":"https:\/\/minigrowbox.com\/fr\/wp-json\/wp\/v2\/users\/1"}],"replies":[{"embeddable":true,"href":"https:\/\/minigrowbox.com\/fr\/wp-json\/wp\/v2\/comments?post=1132"}],"version-history":[{"count":38,"href":"https:\/\/minigrowbox.com\/fr\/wp-json\/wp\/v2\/pages\/1132\/revisions"}],"predecessor-version":[{"id":10890,"href":"https:\/\/minigrowbox.com\/fr\/wp-json\/wp\/v2\/pages\/1132\/revisions\/10890"}],"wp:featuredmedia":[{"embeddable":true,"href":"https:\/\/minigrowbox.com\/fr\/wp-json\/wp\/v2\/media\/7381"}],"wp:attachment":[{"href":"https:\/\/minigrowbox.com\/fr\/wp-json\/wp\/v2\/media?parent=1132"}],"curies":[{"name":"wp","href":"https:\/\/api.w.org\/{rel}","templated":true}]}}