{"id":11555,"date":"2024-10-06T12:10:11","date_gmt":"2024-10-06T12:10:11","guid":{"rendered":"https:\/\/minigrowbox.com\/?post_type=product&#038;p=11555"},"modified":"2026-01-28T10:09:55","modified_gmt":"2026-01-28T10:09:55","slug":"heaterplate","status":"publish","type":"product","link":"https:\/\/minigrowbox.com\/fr\/shop\/heaterplate\/","title":{"rendered":"Chauffage"},"content":{"rendered":"<p>Un \u00e9l\u00e9ment chauffant de 24 W pour garder la plante au chaud dans les environnements plus froids.<\/p>\n<p>Cet appareil de chauffage est int\u00e9gr\u00e9 \u00e0 l'unit\u00e9 de commande Minigrow.<\/p>\n<p>Gr\u00e2ce \u00e0 la fonction thermostat, la temp\u00e9rature souhait\u00e9e est r\u00e9gl\u00e9e pour le jour et pour la nuit.<\/p>\n<p>Le chauffage peut \u00eatre ajout\u00e9 sur le dispositif d'alimentation standard de 90W.<\/p>\n<p><strong>Remarque :<\/strong> Le chauffage n'augmentera la temp\u00e9rature que de quelques degr\u00e9s. Il se peut qu'il n'atteigne pas la temp\u00e9rature id\u00e9ale r\u00e9gl\u00e9e<\/p>\n<p>Deux options sont disponibles :<\/p>\n<ul>\n<li>L'option sol est plac\u00e9e sur le sol avec le pot dessus. L'\u00e9l\u00e9ment chauffant est fix\u00e9 sur une plaque d'aluminium avec un espace entre le sol et la plaque chauffante. Veille \u00e0 laisser un peu d'espace entre la plante et la plaque chauffante, par exemple en pla\u00e7ant le pot sur une assiette.\u00a0<\/li>\n<li>Option murale. Deux plaques avec un chauffage de 12W dans chaque plaque \u00e0 fixer au mur. Le montage mural est une solution plus \u00e9conome en espace.<\/li>\n<\/ul>\n<p>Inclus dans le paquet :<\/p>\n<ul>\n<li>Coussin chauffant mont\u00e9 sur une plaque d'aluminium.<\/li>\n<li>c\u00e2ble\/connecteur \u00e0 d\u00e9charge de traction suppl\u00e9mentaire pour une installation invisible et robuste<\/li>\n<li>dispositif de montage<\/li>\n<\/ul>\n\n\n<p><\/p>","protected":false},"excerpt":{"rendered":"<p>Chauffage Minigrow 25W.<\/p>","protected":false},"featured_media":11565,"comment_status":"open","ping_status":"closed","template":"","meta":{"_acf_changed":false,"_monsterinsights_skip_tracking":false,"_monsterinsights_sitenote_active":false,"_monsterinsights_sitenote_note":"","_monsterinsights_sitenote_category":0},"product_brand":[],"product_cat":[90],"product_tag":[],"class_list":{"0":"post-11555","1":"product","2":"type-product","3":"status-publish","4":"has-post-thumbnail","6":"product_cat-accessoires","7":"product_shipping_class-small","9":"first","10":"outofstock","11":"taxable","12":"shipping-taxable","13":"purchasable","14":"product-type-variable"},"acf":[],"yoast_head":"<!-- This site is optimized with the Yoast SEO plugin v27.3 - https:\/\/yoast.com\/product\/yoast-seo-wordpress\/ -->\n<title>Heater - Minigrow, the ultimate growbox for one plant<\/title>\n<meta name=\"description\" content=\"The Minigrow heater pad keeps the plant warm in colder environments. Control the heater with the thermostate funtion from the touch screen.\" \/>\n<meta name=\"robots\" content=\"index, follow, max-snippet:-1, max-image-preview:large, max-video-preview:-1\" \/>\n<link rel=\"canonical\" href=\"https:\/\/minigrowbox.com\/fr\/shop\/heaterplate\/\" \/>\n<script type=\"application\/ld+json\" class=\"yoast-schema-graph\">{\"@context\":\"https:\\\/\\\/schema.org\",\"@graph\":[{\"@type\":\"WebPage\",\"@id\":\"https:\\\/\\\/minigrowbox.com\\\/shop\\\/heaterplate\\\/\",\"url\":\"https:\\\/\\\/minigrowbox.com\\\/shop\\\/heaterplate\\\/\",\"name\":\"Heater - Minigrow, the ultimate growbox for one plant\",\"isPartOf\":{\"@id\":\"https:\\\/\\\/minigrowbox.com\\\/#website\"},\"primaryImageOfPage\":{\"@id\":\"https:\\\/\\\/minigrowbox.com\\\/shop\\\/heaterplate\\\/#primaryimage\"},\"image\":{\"@id\":\"https:\\\/\\\/minigrowbox.com\\\/shop\\\/heaterplate\\\/#primaryimage\"},\"thumbnailUrl\":\"https:\\\/\\\/minigrowbox.com\\\/wp-content\\\/uploads\\\/2024\\\/10\\\/haeterfloor.jpg\",\"datePublished\":\"2024-10-06T12:10:11+00:00\",\"dateModified\":\"2026-01-28T10:09:55+00:00\",\"description\":\"The Minigrow heater pad keeps the plant warm in colder environments. Control the heater with the thermostate funtion from the touch screen.\",\"breadcrumb\":{\"@id\":\"https:\\\/\\\/minigrowbox.com\\\/shop\\\/heaterplate\\\/#breadcrumb\"},\"inLanguage\":\"fr-FR\",\"potentialAction\":[{\"@type\":\"ReadAction\",\"target\":[\"https:\\\/\\\/minigrowbox.com\\\/shop\\\/heaterplate\\\/\"]}]},{\"@type\":\"ImageObject\",\"inLanguage\":\"fr-FR\",\"@id\":\"https:\\\/\\\/minigrowbox.com\\\/shop\\\/heaterplate\\\/#primaryimage\",\"url\":\"https:\\\/\\\/minigrowbox.com\\\/wp-content\\\/uploads\\\/2024\\\/10\\\/haeterfloor.jpg\",\"contentUrl\":\"https:\\\/\\\/minigrowbox.com\\\/wp-content\\\/uploads\\\/2024\\\/10\\\/haeterfloor.jpg\",\"width\":1200,\"height\":1200,\"caption\":\"heater-floor\"},{\"@type\":\"BreadcrumbList\",\"@id\":\"https:\\\/\\\/minigrowbox.com\\\/shop\\\/heaterplate\\\/#breadcrumb\",\"itemListElement\":[{\"@type\":\"ListItem\",\"position\":1,\"name\":\"Home\",\"item\":\"https:\\\/\\\/minigrowbox.com\\\/\"},{\"@type\":\"ListItem\",\"position\":2,\"name\":\"Shop\",\"item\":\"https:\\\/\\\/minigrowbox.com\\\/shop\\\/\"},{\"@type\":\"ListItem\",\"position\":3,\"name\":\"Heater\"}]},{\"@type\":\"WebSite\",\"@id\":\"https:\\\/\\\/minigrowbox.com\\\/#website\",\"url\":\"https:\\\/\\\/minigrowbox.com\\\/\",\"name\":\"Minigrow, the ultimate growbox for one plant\",\"description\":\"mini growbox, maximun results\",\"publisher\":{\"@id\":\"https:\\\/\\\/minigrowbox.com\\\/#organization\"},\"potentialAction\":[{\"@type\":\"SearchAction\",\"target\":{\"@type\":\"EntryPoint\",\"urlTemplate\":\"https:\\\/\\\/minigrowbox.com\\\/?s={search_term_string}\"},\"query-input\":{\"@type\":\"PropertyValueSpecification\",\"valueRequired\":true,\"valueName\":\"search_term_string\"}}],\"inLanguage\":\"fr-FR\"},{\"@type\":\"Organization\",\"@id\":\"https:\\\/\\\/minigrowbox.com\\\/#organization\",\"name\":\"Minigrow\",\"url\":\"https:\\\/\\\/minigrowbox.com\\\/\",\"logo\":{\"@type\":\"ImageObject\",\"inLanguage\":\"fr-FR\",\"@id\":\"https:\\\/\\\/minigrowbox.com\\\/#\\\/schema\\\/logo\\\/image\\\/\",\"url\":\"https:\\\/\\\/minigrowbox.com\\\/wp-content\\\/uploads\\\/2019\\\/05\\\/logowhite5.png\",\"contentUrl\":\"https:\\\/\\\/minigrowbox.com\\\/wp-content\\\/uploads\\\/2019\\\/05\\\/logowhite5.png\",\"width\":328,\"height\":121,\"caption\":\"Minigrow\"},\"image\":{\"@id\":\"https:\\\/\\\/minigrowbox.com\\\/#\\\/schema\\\/logo\\\/image\\\/\"}}]}<\/script>\n<!-- \/ Yoast SEO plugin. -->","yoast_head_json":{"title":"Chauffage - Minigrow, la bo\u00eete de culture ultime pour une seule plante","description":"Le coussin chauffant Minigrow garde la plante au chaud dans les environnements plus froids. Contr\u00f4le le chauffage avec la fonction thermostat \u00e0 partir de l'\u00e9cran tactile.","robots":{"index":"index","follow":"follow","max-snippet":"max-snippet:-1","max-image-preview":"max-image-preview:large","max-video-preview":"max-video-preview:-1"},"canonical":"https:\/\/minigrowbox.com\/fr\/shop\/heaterplate\/","schema":{"@context":"https:\/\/schema.org","@graph":[{"@type":"WebPage","@id":"https:\/\/minigrowbox.com\/shop\/heaterplate\/","url":"https:\/\/minigrowbox.com\/shop\/heaterplate\/","name":"Chauffage - Minigrow, la bo\u00eete de culture ultime pour une seule plante","isPartOf":{"@id":"https:\/\/minigrowbox.com\/#website"},"primaryImageOfPage":{"@id":"https:\/\/minigrowbox.com\/shop\/heaterplate\/#primaryimage"},"image":{"@id":"https:\/\/minigrowbox.com\/shop\/heaterplate\/#primaryimage"},"thumbnailUrl":"https:\/\/minigrowbox.com\/wp-content\/uploads\/2024\/10\/haeterfloor.jpg","datePublished":"2024-10-06T12:10:11+00:00","dateModified":"2026-01-28T10:09:55+00:00","description":"Le coussin chauffant Minigrow garde la plante au chaud dans les environnements plus froids. Contr\u00f4le le chauffage avec la fonction thermostat \u00e0 partir de l'\u00e9cran tactile.","breadcrumb":{"@id":"https:\/\/minigrowbox.com\/shop\/heaterplate\/#breadcrumb"},"inLanguage":"fr-FR","potentialAction":[{"@type":"ReadAction","target":["https:\/\/minigrowbox.com\/shop\/heaterplate\/"]}]},{"@type":"ImageObject","inLanguage":"fr-FR","@id":"https:\/\/minigrowbox.com\/shop\/heaterplate\/#primaryimage","url":"https:\/\/minigrowbox.com\/wp-content\/uploads\/2024\/10\/haeterfloor.jpg","contentUrl":"https:\/\/minigrowbox.com\/wp-content\/uploads\/2024\/10\/haeterfloor.jpg","width":1200,"height":1200,"caption":"heater-floor"},{"@type":"BreadcrumbList","@id":"https:\/\/minigrowbox.com\/shop\/heaterplate\/#breadcrumb","itemListElement":[{"@type":"ListItem","position":1,"name":"Home","item":"https:\/\/minigrowbox.com\/"},{"@type":"ListItem","position":2,"name":"Shop","item":"https:\/\/minigrowbox.com\/shop\/"},{"@type":"ListItem","position":3,"name":"Heater"}]},{"@type":"WebSite","@id":"https:\/\/minigrowbox.com\/#website","url":"https:\/\/minigrowbox.com\/","name":"Minigrow, la bo\u00eete de culture ultime pour une seule plante","description":"mini growbox, r\u00e9sultats maximaux","publisher":{"@id":"https:\/\/minigrowbox.com\/#organization"},"potentialAction":[{"@type":"SearchAction","target":{"@type":"EntryPoint","urlTemplate":"https:\/\/minigrowbox.com\/?s={search_term_string}"},"query-input":{"@type":"PropertyValueSpecification","valueRequired":true,"valueName":"search_term_string"}}],"inLanguage":"fr-FR"},{"@type":"Organization","@id":"https:\/\/minigrowbox.com\/#organization","name":"Minigrow","url":"https:\/\/minigrowbox.com\/","logo":{"@type":"ImageObject","inLanguage":"fr-FR","@id":"https:\/\/minigrowbox.com\/#\/schema\/logo\/image\/","url":"https:\/\/minigrowbox.com\/wp-content\/uploads\/2019\/05\/logowhite5.png","contentUrl":"https:\/\/minigrowbox.com\/wp-content\/uploads\/2019\/05\/logowhite5.png","width":328,"height":121,"caption":"Minigrow"},"image":{"@id":"https:\/\/minigrowbox.com\/#\/schema\/logo\/image\/"}}]}},"_links":{"self":[{"href":"https:\/\/minigrowbox.com\/fr\/wp-json\/wp\/v2\/product\/11555","targetHints":{"allow":["GET"]}}],"collection":[{"href":"https:\/\/minigrowbox.com\/fr\/wp-json\/wp\/v2\/product"}],"about":[{"href":"https:\/\/minigrowbox.com\/fr\/wp-json\/wp\/v2\/types\/product"}],"replies":[{"embeddable":true,"href":"https:\/\/minigrowbox.com\/fr\/wp-json\/wp\/v2\/comments?post=11555"}],"version-history":[{"count":7,"href":"https:\/\/minigrowbox.com\/fr\/wp-json\/wp\/v2\/product\/11555\/revisions"}],"predecessor-version":[{"id":11598,"href":"https:\/\/minigrowbox.com\/fr\/wp-json\/wp\/v2\/product\/11555\/revisions\/11598"}],"wp:featuredmedia":[{"embeddable":true,"href":"https:\/\/minigrowbox.com\/fr\/wp-json\/wp\/v2\/media\/11565"}],"wp:attachment":[{"href":"https:\/\/minigrowbox.com\/fr\/wp-json\/wp\/v2\/media?parent=11555"}],"wp:term":[{"taxonomy":"product_brand","embeddable":true,"href":"https:\/\/minigrowbox.com\/fr\/wp-json\/wp\/v2\/product_brand?post=11555"},{"taxonomy":"product_cat","embeddable":true,"href":"https:\/\/minigrowbox.com\/fr\/wp-json\/wp\/v2\/product_cat?post=11555"},{"taxonomy":"product_tag","embeddable":true,"href":"https:\/\/minigrowbox.com\/fr\/wp-json\/wp\/v2\/product_tag?post=11555"}],"curies":[{"name":"wp","href":"https:\/\/api.w.org\/{rel}","templated":true}]}}