{"id":4040,"date":"2021-06-27T21:31:26","date_gmt":"2021-06-27T21:31:26","guid":{"rendered":"https:\/\/minigrowbox.com\/?post_type=product&#038;p=4040"},"modified":"2025-11-09T16:02:41","modified_gmt":"2025-11-09T16:02:41","slug":"filter-upgrade-set","status":"publish","type":"product","link":"https:\/\/minigrowbox.com\/nl\/shop\/filter-upgrade-set\/","title":{"rendered":"Filter upgrade set"},"content":{"rendered":"<div data-elementor-type=\"wp-post\" data-elementor-id=\"4040\" class=\"elementor elementor-4040\">\n\t\t\t\t\t\t<section class=\"elementor-section elementor-top-section elementor-element elementor-element-88fbc68 elementor-section-boxed elementor-section-height-default elementor-section-height-default\" data-id=\"88fbc68\" data-element_type=\"section\" data-e-type=\"section\">\n\t\t\t\t\t\t<div class=\"elementor-container elementor-column-gap-default\">\n\t\t\t\t\t<div class=\"elementor-column elementor-col-100 elementor-top-column elementor-element elementor-element-666949db\" data-id=\"666949db\" data-element_type=\"column\" data-e-type=\"column\">\n\t\t\t<div class=\"elementor-widget-wrap elementor-element-populated\">\n\t\t\t\t\t\t<div class=\"elementor-element elementor-element-3db3cce1 elementor-widget elementor-widget-text-editor\" data-id=\"3db3cce1\" data-element_type=\"widget\" data-e-type=\"widget\" data-widget_type=\"text-editor.default\">\n\t\t\t\t<div class=\"elementor-widget-container\">\n\t\t\t\t\t\t\t\t\t<h2><strong>Filter upgrade kit voor de Minigrow One (Model 19)<\/strong><\/h2><p>Dit product is alleen voor Minigrow One kweekkasten van voor mei 2021 (ook wel Model19 genoemd). Deze modellen hebben een ouder filtersysteem dat kan worden ge\u00fcpgraded naar het huidige filtersysteem in de Minigrow One.<\/p><p><span style=\"font-family: -apple-system, BlinkMacSystemFont, 'Segoe UI', Roboto, Oxygen-Sans, Ubuntu, Cantarell, 'Helvetica Neue', sans-serif;\">Upgrade je Minigrow Model 19 met het verbeterde filtersysteem. Deze Filter Upgrade Kit is compatibel met alle voorgaande Minigrow versies.<\/span><\/p><p>Het MG500-filter is groter, robuuster en vereist minder onderhoud dan de MG100-filters die in de Model19-versie worden gebruikt.<\/p><p>De upgradekit is een doe-het-zelfkit en vereist het gedeeltelijk weer in elkaar zetten van de Minigrow.<\/p><p>Alle instructies voor het verwijderen van de bovenkant en het terugplaatsen van het systeem worden meegeleverd. Geen gereedschap nodig behalve een schroevendraaier om de bovenkant te verwijderen.<\/p><p>De <strong>basis upgrade kit<\/strong> bevat:<\/p><ul><li><span style=\"font-family: -apple-system, BlinkMacSystemFont, 'Segoe UI', Roboto, Oxygen-Sans, Ubuntu, Cantarell, 'Helvetica Neue', sans-serif;\">De filtervoet, die zonder boren kan worden gemonteerd om beschadiging van uw Minigrow te voorkomen.<\/span><\/li><li><span style=\"font-family: -apple-system, BlinkMacSystemFont, 'Segoe UI', Roboto, Oxygen-Sans, Ubuntu, Cantarell, 'Helvetica Neue', sans-serif;\">Alle onderdelen die nodig zijn om de filterbasis te monteren en in de Minigrow te monteren<\/span><\/li><li>Een gevulde MG500-patroon<\/li><li>Montageschuifjes<\/li><li>Instructies voor het vervangen van het filtersysteem<\/li><\/ul><p>De basisfilter-upgradekit bevat: <span style=\"font-family: -apple-system, BlinkMacSystemFont, 'Segoe UI', Roboto, Oxygen-Sans, Ubuntu, Cantarell, 'Helvetica Neue', sans-serif;\">alle benodigde onderdelen <\/span><em>behalve de twee 12cm Noctua-fans<\/em><span style=\"font-family: -apple-system, BlinkMacSystemFont, 'Segoe UI', Roboto, Oxygen-Sans, Ubuntu, Cantarell, 'Helvetica Neue', sans-serif;\">. Hergebruik je ventilatoren die nu in je Minigrow zijn ge\u00efnstalleerd en monteer de kit volgens de instructies.<\/span><\/p><p><strong>Voorgemonteerde upgradekit<\/strong><\/p><p>Om het werk gemakkelijker te maken, <strong>geassembleerde upgradekit<\/strong> is al gemonteerd en bevat twee nieuwe fans. Dit maakt het vervangingsproces eenvoudiger en sneller. Gebruik kunnen uw bestaande fans bv. voor het cre\u00ebren van extra luchtstroom in de Minigrow of bewaar ze als reserveventilatoren.<\/p><p><strong>Extra ventilator van 6 cm<\/strong><\/p><p>Het Model19-filtersysteem heeft twee ventilatoren die in de doos draaien en de lucht naar buiten duwen. Dit neveneffect van het mechanisme van het hebben van de ventilatoren in de doos is dat turbulentie resulteert in een kleine luchtstroom die de bovenkant van de kweekruimte afkoelt.<\/p><p>Het MG500-filter zuigt lucht aan van de buitenkant van de doos. Hoewel dit niet vereist is, raden we aan om een extra kleine ventilator in de doos te gebruiken bij het upgraden naar het Model21 MG500-filter.<\/p><p>Hoewel de grote ventilatoren van 12 cm ook voor dit doel kunnen worden gebruikt, is deze kleinere onzichtbaar en onhoorbaar.<\/p><p>Dit zorgt voor een kleine luchtstroom die voldoende is om een koeler led-paneel en kweekruimte te cre\u00ebren.<\/p><p>Alle kabels en een eenvoudige maar stevige montage (zonder gereedschap nodig) worden meegeleverd.<\/p><p><strong>Algemene opmerkingen<\/strong><\/p><ul><li>Het vervangen van het filtersysteem kost wat tijd en geduld. We raden aan om 2-3 uur te reserveren om de vervanging uit te voeren. De geassembleerde kit is de makkelijkste en snelste manier en vergt minder tijd, de extra ventilator is een gemakkelijke toevoeging.<\/li><li>Deze upgrade is bedoeld om eigenaren van oudere versies van de Minigrowbox in staat te stellen te upgraden naar de nieuwste versies van onze producten.<\/li><li>Het is niet nodig om het filtersysteem te upgraden. Het bestaande filtersysteem in de Minigrow Model 19 werkt prima, maar vereist meer onderhoud in vergelijking met het MG500 filter. In sommige gevallen kan er geurlekkage optreden aan het einde van een kweek.<\/li><li>Het is niet nodig om het filter te upgraden als er geen behoefte is om dit te doen.<\/li><li>De filterupgradekit wordt aanbevolen wanneer een betere geurblokkering en\/of minder onderhoud in verband met bijvullen gewenst is.<\/li><\/ul>\t\t\t\t\t\t\t\t<\/div>\n\t\t\t\t<\/div>\n\t\t\t\t\t<\/div>\n\t\t<\/div>\n\t\t\t\t\t<\/div>\n\t\t<\/section>\n\t\t\t\t<\/div>","protected":false},"excerpt":{"rendered":"<p>Filter upgrade kit for the Minigrow One (Model 19) This product is only for Minigrow One grow boxes from before May 2021 (aka Model19). These models have an older filter system that can be upgraded to the currently used filter system in the Minigrow One. Upgrade your Minigrow Model 19 wit the upgraded filter system. [&hellip;]<\/p>\n","protected":false},"featured_media":8191,"comment_status":"open","ping_status":"closed","template":"","meta":{"_acf_changed":false,"_monsterinsights_skip_tracking":false,"_monsterinsights_sitenote_active":false,"_monsterinsights_sitenote_note":"","_monsterinsights_sitenote_category":0},"product_brand":[],"product_cat":[74],"product_tag":[],"class_list":{"0":"post-4040","1":"product","2":"type-product","3":"status-publish","4":"has-post-thumbnail","6":"product_cat-general","7":"product_shipping_class-small","9":"first","10":"instock","11":"sold-individually","12":"taxable","13":"shipping-taxable","14":"purchasable","15":"product-type-variable","16":"has-default-attributes"},"acf":[],"yoast_head":"<!-- This site is optimized with the Yoast SEO plugin v27.6 - https:\/\/yoast.com\/product\/yoast-seo-wordpress\/ -->\n<title>Filter Upgrade Set - Minigrow, the ultimate growbox for one plant<\/title>\n<meta name=\"description\" content=\"The Minigrow filter upgrade enables you to replace the filter system in the Minigrowbox (before 2021) with an upgraded filter system.\" \/>\n<meta name=\"robots\" content=\"index, follow, max-snippet:-1, max-image-preview:large, max-video-preview:-1\" \/>\n<link rel=\"canonical\" href=\"https:\/\/minigrowbox.com\/nl\/shop\/filter-upgrade-set\/\" \/>\n<script type=\"application\/ld+json\" class=\"yoast-schema-graph\">{\"@context\":\"https:\\\/\\\/schema.org\",\"@graph\":[{\"@type\":\"WebPage\",\"@id\":\"https:\\\/\\\/minigrowbox.com\\\/shop\\\/filter-upgrade-set\\\/\",\"url\":\"https:\\\/\\\/minigrowbox.com\\\/shop\\\/filter-upgrade-set\\\/\",\"name\":\"Filter Upgrade Set - Minigrow, the ultimate growbox for one plant\",\"isPartOf\":{\"@id\":\"https:\\\/\\\/minigrowbox.com\\\/#website\"},\"primaryImageOfPage\":{\"@id\":\"https:\\\/\\\/minigrowbox.com\\\/shop\\\/filter-upgrade-set\\\/#primaryimage\"},\"image\":{\"@id\":\"https:\\\/\\\/minigrowbox.com\\\/shop\\\/filter-upgrade-set\\\/#primaryimage\"},\"thumbnailUrl\":\"https:\\\/\\\/minigrowbox.com\\\/wp-content\\\/uploads\\\/2021\\\/06\\\/MG500_One19-394x394-1.jpg\",\"datePublished\":\"2021-06-27T21:31:26+00:00\",\"dateModified\":\"2025-11-09T16:02:41+00:00\",\"description\":\"The Minigrow filter upgrade enables you to replace the filter system in the Minigrowbox (before 2021) with an upgraded filter system.\",\"breadcrumb\":{\"@id\":\"https:\\\/\\\/minigrowbox.com\\\/shop\\\/filter-upgrade-set\\\/#breadcrumb\"},\"inLanguage\":\"nl-NL\",\"potentialAction\":[{\"@type\":\"ReadAction\",\"target\":[\"https:\\\/\\\/minigrowbox.com\\\/shop\\\/filter-upgrade-set\\\/\"]}]},{\"@type\":\"ImageObject\",\"inLanguage\":\"nl-NL\",\"@id\":\"https:\\\/\\\/minigrowbox.com\\\/shop\\\/filter-upgrade-set\\\/#primaryimage\",\"url\":\"https:\\\/\\\/minigrowbox.com\\\/wp-content\\\/uploads\\\/2021\\\/06\\\/MG500_One19-394x394-1.jpg\",\"contentUrl\":\"https:\\\/\\\/minigrowbox.com\\\/wp-content\\\/uploads\\\/2021\\\/06\\\/MG500_One19-394x394-1.jpg\",\"width\":394,\"height\":394,\"caption\":\"filter upgrade set complete\"},{\"@type\":\"BreadcrumbList\",\"@id\":\"https:\\\/\\\/minigrowbox.com\\\/shop\\\/filter-upgrade-set\\\/#breadcrumb\",\"itemListElement\":[{\"@type\":\"ListItem\",\"position\":1,\"name\":\"Home\",\"item\":\"https:\\\/\\\/minigrowbox.com\\\/\"},{\"@type\":\"ListItem\",\"position\":2,\"name\":\"Shop\",\"item\":\"https:\\\/\\\/minigrowbox.com\\\/shop\\\/\"},{\"@type\":\"ListItem\",\"position\":3,\"name\":\"Filter Upgrade Set\"}]},{\"@type\":\"WebSite\",\"@id\":\"https:\\\/\\\/minigrowbox.com\\\/#website\",\"url\":\"https:\\\/\\\/minigrowbox.com\\\/\",\"name\":\"Minigrow, the ultimate growbox for one plant\",\"description\":\"mini growbox, maximun results\",\"publisher\":{\"@id\":\"https:\\\/\\\/minigrowbox.com\\\/#organization\"},\"potentialAction\":[{\"@type\":\"SearchAction\",\"target\":{\"@type\":\"EntryPoint\",\"urlTemplate\":\"https:\\\/\\\/minigrowbox.com\\\/?s={search_term_string}\"},\"query-input\":{\"@type\":\"PropertyValueSpecification\",\"valueRequired\":true,\"valueName\":\"search_term_string\"}}],\"inLanguage\":\"nl-NL\"},{\"@type\":\"Organization\",\"@id\":\"https:\\\/\\\/minigrowbox.com\\\/#organization\",\"name\":\"Minigrow\",\"url\":\"https:\\\/\\\/minigrowbox.com\\\/\",\"logo\":{\"@type\":\"ImageObject\",\"inLanguage\":\"nl-NL\",\"@id\":\"https:\\\/\\\/minigrowbox.com\\\/#\\\/schema\\\/logo\\\/image\\\/\",\"url\":\"https:\\\/\\\/minigrowbox.com\\\/wp-content\\\/uploads\\\/2019\\\/05\\\/logowhite5.png\",\"contentUrl\":\"https:\\\/\\\/minigrowbox.com\\\/wp-content\\\/uploads\\\/2019\\\/05\\\/logowhite5.png\",\"width\":328,\"height\":121,\"caption\":\"Minigrow\"},\"image\":{\"@id\":\"https:\\\/\\\/minigrowbox.com\\\/#\\\/schema\\\/logo\\\/image\\\/\"}}]}<\/script>\n<!-- \/ Yoast SEO plugin. -->","yoast_head_json":{"title":"Filter Upgrade Set - Minigrow, de ultieme kweekbak voor \u00e9\u00e9n plant","description":"Met de Minigrow filterupgrade kun je het filtersysteem in de Minigrowbox (v\u00f3\u00f3r 2021) vervangen door een ge\u00fcpgraded filtersysteem.","robots":{"index":"index","follow":"follow","max-snippet":"max-snippet:-1","max-image-preview":"max-image-preview:large","max-video-preview":"max-video-preview:-1"},"canonical":"https:\/\/minigrowbox.com\/nl\/shop\/filter-upgrade-set\/","schema":{"@context":"https:\/\/schema.org","@graph":[{"@type":"WebPage","@id":"https:\/\/minigrowbox.com\/shop\/filter-upgrade-set\/","url":"https:\/\/minigrowbox.com\/shop\/filter-upgrade-set\/","name":"Filter Upgrade Set - Minigrow, de ultieme kweekbak voor \u00e9\u00e9n plant","isPartOf":{"@id":"https:\/\/minigrowbox.com\/#website"},"primaryImageOfPage":{"@id":"https:\/\/minigrowbox.com\/shop\/filter-upgrade-set\/#primaryimage"},"image":{"@id":"https:\/\/minigrowbox.com\/shop\/filter-upgrade-set\/#primaryimage"},"thumbnailUrl":"https:\/\/minigrowbox.com\/wp-content\/uploads\/2021\/06\/MG500_One19-394x394-1.jpg","datePublished":"2021-06-27T21:31:26+00:00","dateModified":"2025-11-09T16:02:41+00:00","description":"Met de Minigrow filterupgrade kun je het filtersysteem in de Minigrowbox (v\u00f3\u00f3r 2021) vervangen door een ge\u00fcpgraded filtersysteem.","breadcrumb":{"@id":"https:\/\/minigrowbox.com\/shop\/filter-upgrade-set\/#breadcrumb"},"inLanguage":"nl-NL","potentialAction":[{"@type":"ReadAction","target":["https:\/\/minigrowbox.com\/shop\/filter-upgrade-set\/"]}]},{"@type":"ImageObject","inLanguage":"nl-NL","@id":"https:\/\/minigrowbox.com\/shop\/filter-upgrade-set\/#primaryimage","url":"https:\/\/minigrowbox.com\/wp-content\/uploads\/2021\/06\/MG500_One19-394x394-1.jpg","contentUrl":"https:\/\/minigrowbox.com\/wp-content\/uploads\/2021\/06\/MG500_One19-394x394-1.jpg","width":394,"height":394,"caption":"filter upgrade set complete"},{"@type":"BreadcrumbList","@id":"https:\/\/minigrowbox.com\/shop\/filter-upgrade-set\/#breadcrumb","itemListElement":[{"@type":"ListItem","position":1,"name":"Home","item":"https:\/\/minigrowbox.com\/"},{"@type":"ListItem","position":2,"name":"Shop","item":"https:\/\/minigrowbox.com\/shop\/"},{"@type":"ListItem","position":3,"name":"Filter Upgrade Set"}]},{"@type":"WebSite","@id":"https:\/\/minigrowbox.com\/#website","url":"https:\/\/minigrowbox.com\/","name":"Minigrow, de ultieme kweekkast voor \u00e9\u00e9n plant","description":"mini kweekkast, maximale resultaten","publisher":{"@id":"https:\/\/minigrowbox.com\/#organization"},"potentialAction":[{"@type":"SearchAction","target":{"@type":"EntryPoint","urlTemplate":"https:\/\/minigrowbox.com\/?s={search_term_string}"},"query-input":{"@type":"PropertyValueSpecification","valueRequired":true,"valueName":"search_term_string"}}],"inLanguage":"nl-NL"},{"@type":"Organization","@id":"https:\/\/minigrowbox.com\/#organization","name":"Minigrow","url":"https:\/\/minigrowbox.com\/","logo":{"@type":"ImageObject","inLanguage":"nl-NL","@id":"https:\/\/minigrowbox.com\/#\/schema\/logo\/image\/","url":"https:\/\/minigrowbox.com\/wp-content\/uploads\/2019\/05\/logowhite5.png","contentUrl":"https:\/\/minigrowbox.com\/wp-content\/uploads\/2019\/05\/logowhite5.png","width":328,"height":121,"caption":"Minigrow"},"image":{"@id":"https:\/\/minigrowbox.com\/#\/schema\/logo\/image\/"}}]}},"_links":{"self":[{"href":"https:\/\/minigrowbox.com\/nl\/wp-json\/wp\/v2\/product\/4040","targetHints":{"allow":["GET"]}}],"collection":[{"href":"https:\/\/minigrowbox.com\/nl\/wp-json\/wp\/v2\/product"}],"about":[{"href":"https:\/\/minigrowbox.com\/nl\/wp-json\/wp\/v2\/types\/product"}],"replies":[{"embeddable":true,"href":"https:\/\/minigrowbox.com\/nl\/wp-json\/wp\/v2\/comments?post=4040"}],"version-history":[{"count":16,"href":"https:\/\/minigrowbox.com\/nl\/wp-json\/wp\/v2\/product\/4040\/revisions"}],"predecessor-version":[{"id":11741,"href":"https:\/\/minigrowbox.com\/nl\/wp-json\/wp\/v2\/product\/4040\/revisions\/11741"}],"wp:featuredmedia":[{"embeddable":true,"href":"https:\/\/minigrowbox.com\/nl\/wp-json\/wp\/v2\/media\/8191"}],"wp:attachment":[{"href":"https:\/\/minigrowbox.com\/nl\/wp-json\/wp\/v2\/media?parent=4040"}],"wp:term":[{"taxonomy":"product_brand","embeddable":true,"href":"https:\/\/minigrowbox.com\/nl\/wp-json\/wp\/v2\/product_brand?post=4040"},{"taxonomy":"product_cat","embeddable":true,"href":"https:\/\/minigrowbox.com\/nl\/wp-json\/wp\/v2\/product_cat?post=4040"},{"taxonomy":"product_tag","embeddable":true,"href":"https:\/\/minigrowbox.com\/nl\/wp-json\/wp\/v2\/product_tag?post=4040"}],"curies":[{"name":"wp","href":"https:\/\/api.w.org\/{rel}","templated":true}]}}